{"id":21,"date":"2022-02-23T07:23:53","date_gmt":"2022-02-23T12:23:53","guid":{"rendered":"https:\/\/casacampestreurbi.com\/?page_id=21"},"modified":"2022-02-23T11:23:05","modified_gmt":"2022-02-23T16:23:05","slug":"una-seccion-de-la-pagina-de-inicio","status":"publish","type":"page","link":"https:\/\/casacampestreurbi.com\/index.php\/una-seccion-de-la-pagina-de-inicio\/","title":{"rendered":"NUESTROS ESPACIOS."},"content":{"rendered":"\n<p style=\"line-height:1.5\">Por ser una Casa Campestre, Nuestras HABITACIONES cuentan todas con ba\u00f1os privados y balc\u00f3n para un contacto directo con el medio ambiente, lo cual permite obtener comodidad con una atenci\u00f3n personalizada, amable y c\u00e1lida, donde usted podr\u00e1 descansar al lado de la naturaleza.<\/p>\n\n\n\n<p>Nuestro concepto y entorno es totalmente campestre en un ambiente de finca con tradici\u00f3n, la cual podr\u00e1 disfrutar en compa\u00f1\u00eda de familia o amigos este magnifico lugar.<\/p>\n","protected":false},"excerpt":{"rendered":"<p>Por ser una Casa Campestre, Nuestras HABITACIONES cuentan todas con ba\u00f1os privados y balc\u00f3n para un contacto directo con el medio ambiente, lo cual permite obtener comodidad con una atenci\u00f3n personalizada, amable y c\u00e1lida, donde usted podr\u00e1 descansar al lado de la naturaleza. Nuestro concepto y entorno es totalmente campestre en un ambiente de finca &hellip; <\/p>\n<p class=\"link-more\"><a href=\"https:\/\/casacampestreurbi.com\/index.php\/una-seccion-de-la-pagina-de-inicio\/\" class=\"more-link\">Continuar leyendo<span class=\"screen-reader-text\"> &#8220;NUESTROS ESPACIOS.&#8221;<\/span><\/a><\/p>\n","protected":false},"author":1,"featured_media":72,"parent":0,"menu_order":0,"comment_status":"closed","ping_status":"closed","template":"","meta":{"footnotes":""},"class_list":["post-21","page","type-page","status-publish","has-post-thumbnail","hentry"],"_links":{"self":[{"href":"https:\/\/casacampestreurbi.com\/index.php\/wp-json\/wp\/v2\/pages\/21","targetHints":{"allow":["GET"]}}],"collection":[{"href":"https:\/\/casacampestreurbi.com\/index.php\/wp-json\/wp\/v2\/pages"}],"about":[{"href":"https:\/\/casacampestreurbi.com\/index.php\/wp-json\/wp\/v2\/types\/page"}],"author":[{"embeddable":true,"href":"https:\/\/casacampestreurbi.com\/index.php\/wp-json\/wp\/v2\/users\/1"}],"replies":[{"embeddable":true,"href":"https:\/\/casacampestreurbi.com\/index.php\/wp-json\/wp\/v2\/comments?post=21"}],"version-history":[{"count":3,"href":"https:\/\/casacampestreurbi.com\/index.php\/wp-json\/wp\/v2\/pages\/21\/revisions"}],"predecessor-version":[{"id":73,"href":"https:\/\/casacampestreurbi.com\/index.php\/wp-json\/wp\/v2\/pages\/21\/revisions\/73"}],"wp:featuredmedia":[{"embeddable":true,"href":"https:\/\/casacampestreurbi.com\/index.php\/wp-json\/wp\/v2\/media\/72"}],"wp:attachment":[{"href":"https:\/\/casacampestreurbi.com\/index.php\/wp-json\/wp\/v2\/media?parent=21"}],"curies":[{"name":"wp","href":"https:\/\/api.w.org\/{rel}","templated":true}]}}